{"id":22,"date":"2017-12-04T09:32:03","date_gmt":"2017-12-04T09:32:03","guid":{"rendered":"http:\/\/silencebreaker.de\/?page_id=22"},"modified":"2019-03-22T06:50:08","modified_gmt":"2019-03-22T06:50:08","slug":"home","status":"publish","type":"page","link":"https:\/\/silencebreaker.de\/","title":{"rendered":"Home"},"content":{"rendered":"<p>Hochzeits DJ und Eventplaner Sven Breitenstein z\u00e4hlt seit Anfang der 2000er Jahre zum festen Bestandteil der Berlin\/Brandenburger Veranstaltungsszene.<\/p>\n<p>Hier begeistert der Musikbegeisterte nicht nur als Hochzeits DJ auf den Traumhochzeiten rund um die Hauptstadt, sondern auch regelm\u00e4\u00dfig auf exklusiven Veranstaltungen wie Firmenevents, Messepartys, Poetryslams, Weihnachtsfeiern, Geburtstagen, After-Show-Partys und Festivals.<\/p>\n<p>Mit Hilfe seines musikalischen Fingerspitzengef\u00fchls verwandelt er auch Ihre Veranstaltung in ein einzigartiges Event! Er schafft den perfekten Mix, der die Tanzfl\u00e4che generationen\u00fcbergreifend f\u00fcllt. Sein musikalisches Repertoire umfasst alle relevanten Musik-Genres von damals bis heute &#8211; ganz unter dem Motto &#8222;Last Night this DJ saved your Life&#8220;. \ud83d\ude09<\/p>\n<p style=\"text-align: left;\">Phone: <a class=\"tel\" href=\"tel:+491723241993&quot;\">+49 172 3241993<\/a><\/p>\n<p style=\"text-align: left;\">Email: <a href=\"mailto:info@silencebreaker.de\">info@silencebreaker.de<\/a><\/p>\n<p><a href=\"https:\/\/www.instagram.com\/sven.silencebreaker\/\" target=\"_blank\" rel=\"noopener\">@ Instagram<\/a><\/p>\n<p><a href=\"http:\/\/www.facebook.com\/sven.breitenstein\" target=\"_blank\" rel=\"noopener\">@ Facebook<\/a><\/p>\n<p><a href=\"http:\/\/www.youtube.com\/user\/silencebreaker2000\" target=\"_blank\" rel=\"noopener\">@ Youtube<\/a><\/p>\n","protected":false},"excerpt":{"rendered":"<p>Hochzeits DJ und Eventplaner Sven Breitenstein z\u00e4hlt seit Anfang der 2000er Jahre zum festen Bestandteil der Berlin\/Brandenburger Veranstaltungsszene. Hier begeistert der Musikbegeisterte nicht nur als Hochzeits DJ auf den Traumhochzeiten rund um die Hauptstadt, sondern auch regelm\u00e4\u00dfig auf exklusiven Veranstaltungen wie Firmenevents, Messepartys, Poetryslams, Weihnachtsfeiern, Geburtstagen, After-Show-Partys und Festivals. Mit Hilfe seines musikalischen Fingerspitzengef\u00fchls verwandelt &hellip; <\/p>\n<p class=\"link-more\"><a href=\"https:\/\/silencebreaker.de\/\" class=\"more-link\"><span class=\"screen-reader-text\">\u201eHome\u201c<\/span> weiterlesen<\/a><\/p>\n","protected":false},"author":1,"featured_media":0,"parent":0,"menu_order":0,"comment_status":"closed","ping_status":"closed","template":"","meta":{"ngg_post_thumbnail":0},"amp_enabled":true,"_links":{"self":[{"href":"https:\/\/silencebreaker.de\/index.php?rest_route=\/wp\/v2\/pages\/22"}],"collection":[{"href":"https:\/\/silencebreaker.de\/index.php?rest_route=\/wp\/v2\/pages"}],"about":[{"href":"https:\/\/silencebreaker.de\/index.php?rest_route=\/wp\/v2\/types\/page"}],"author":[{"embeddable":true,"href":"https:\/\/silencebreaker.de\/index.php?rest_route=\/wp\/v2\/users\/1"}],"replies":[{"embeddable":true,"href":"https:\/\/silencebreaker.de\/index.php?rest_route=%2Fwp%2Fv2%2Fcomments&post=22"}],"version-history":[{"count":41,"href":"https:\/\/silencebreaker.de\/index.php?rest_route=\/wp\/v2\/pages\/22\/revisions"}],"predecessor-version":[{"id":872,"href":"https:\/\/silencebreaker.de\/index.php?rest_route=\/wp\/v2\/pages\/22\/revisions\/872"}],"wp:attachment":[{"href":"https:\/\/silencebreaker.de\/index.php?rest_route=%2Fwp%2Fv2%2Fmedia&parent=22"}],"curies":[{"name":"wp","href":"https:\/\/api.w.org\/{rel}","templated":true}]}}