{"id":100,"date":"2017-12-04T13:27:06","date_gmt":"2017-12-04T13:27:06","guid":{"rendered":"http:\/\/silencebreaker.de\/?page_id=100"},"modified":"2019-03-20T06:40:51","modified_gmt":"2019-03-20T06:40:51","slug":"ueber-mich","status":"publish","type":"page","link":"https:\/\/silencebreaker.de\/?page_id=100","title":{"rendered":"Leben und Vita"},"content":{"rendered":"<p>Der Weg zum DJ wurde f\u00fcr Sven Breitenstein Anfang der 90er Jahre geebnet. Er legte seinerzeit schon unter dem Pseudonym Silencebreaker sehr gern Musik bei Freunden im Rahmen privater Partys auf, war DJ im Schulfunk seines Gymnasiums, den er selbst mit aufgebaut hat und war froh \u00fcber sein erstes Mischpult, dass er von seinem Vater geschenkt bekam, der in den fr\u00fchen 70ern auch schon Tonb\u00e4nder ineinander mixte. Sp\u00e4ter folgten dann kurze Auftritte in einer Kneipe ganz weit drau\u00dfen auf dem Lande. Au\u00dferdem war er bekannt f\u00fcr seine legend\u00e4ren Mixtapes unter der Bezeichnung &#8222;Break the Silence&#8220;, die er st\u00e4ndig f\u00fcr Freunde und Bekannte produzierte und die sicherlich auch heute noch der Grund daf\u00fcr sind, dass Sven eine kleine Kassette als Halskette tr\u00e4gt. Nach dieser verr\u00fcckten Zeit zog er sich dann ein wenig aus der DJ-Szene zur\u00fcck. Er nutzte die Auszeit um sich beruflich und privat weiterzuentwickeln. Sein Comeback war dann kurz nach der Jahrtausendwende eher ein Zufall. Ein guter Freund wollte eine einj\u00e4hrige Motorradtour nach Asien unternehmen. Er war seinerzeit auch als DJ unterwegs und wollte Sven sein Equipment f\u00fcr die Zeit seiner Reise anvertrauen, allerdings nur unter der Voraussetzung, dass er es auch sinnvoll benutzt und nicht nur in der Ecke stehen l\u00e4sst. Gesagt, getan und damit war der Weg wieder frei. Kein halbes Jahr sp\u00e4ter war Sven aka Silencebreaker wieder voll im Gesch\u00e4ft und ist seither auf unz\u00e4hligen Veranstaltungen deutschlandweit unterwegs! Nebenbei veranstaltet er einmal im Jahr gemeinsam mit dem Verein zur F\u00f6rderung von musikalischem Nachwuchs ein nicht ganz unbekanntes Festival&nbsp; im S\u00fcden der Hauptstadt unter der Bezeichnung <a href=\"http:\/\/www.blankit.de\" target=\"_blank\" rel=\"noopener\">Blankit Festival<\/a>, bei dem er nicht nur die Vorbereitung begleitet sondern auch die Moderation w\u00e4hrend des Festivals&nbsp; \u00fcbernimmt und Samstagnacht auf der Aftershowparty als DJ in Erscheinung tritt. Ein weiteres Projekt findet in Potsdam unter dem Namen <a href=\"http:\/\/www.clubtram.de\" target=\"_blank\" rel=\"noopener\">CLUBTRAM<\/a> statt. Hier legt er gemeinsam mit seinem sehr guten Freund und DJ-Kollegen&nbsp;<a href=\"http:\/\/www.dj-jj.de\/\" target=\"_blank\" rel=\"noopener\">Johannes Junge<\/a> in einer fahrenden Stra\u00dfenbahn auf. Musik ist und bleibt Svens Lebenselixier!<\/p>\n","protected":false},"excerpt":{"rendered":"<p>Der Weg zum DJ wurde f\u00fcr Sven Breitenstein Anfang der 90er Jahre geebnet. Er legte seinerzeit schon unter dem Pseudonym Silencebreaker sehr gern Musik bei Freunden im Rahmen privater Partys auf, war DJ im Schulfunk seines Gymnasiums, den er selbst mit aufgebaut hat und war froh \u00fcber sein erstes Mischpult, dass er von seinem Vater &hellip; <\/p>\n<p class=\"link-more\"><a href=\"https:\/\/silencebreaker.de\/?page_id=100\" class=\"more-link\"><span class=\"screen-reader-text\">\u201eLeben und Vita\u201c<\/span> weiterlesen<\/a><\/p>\n","protected":false},"author":1,"featured_media":47,"parent":0,"menu_order":0,"comment_status":"closed","ping_status":"closed","template":"","meta":{"ngg_post_thumbnail":0},"amp_enabled":true,"_links":{"self":[{"href":"https:\/\/silencebreaker.de\/index.php?rest_route=\/wp\/v2\/pages\/100"}],"collection":[{"href":"https:\/\/silencebreaker.de\/index.php?rest_route=\/wp\/v2\/pages"}],"about":[{"href":"https:\/\/silencebreaker.de\/index.php?rest_route=\/wp\/v2\/types\/page"}],"author":[{"embeddable":true,"href":"https:\/\/silencebreaker.de\/index.php?rest_route=\/wp\/v2\/users\/1"}],"replies":[{"embeddable":true,"href":"https:\/\/silencebreaker.de\/index.php?rest_route=%2Fwp%2Fv2%2Fcomments&post=100"}],"version-history":[{"count":18,"href":"https:\/\/silencebreaker.de\/index.php?rest_route=\/wp\/v2\/pages\/100\/revisions"}],"predecessor-version":[{"id":869,"href":"https:\/\/silencebreaker.de\/index.php?rest_route=\/wp\/v2\/pages\/100\/revisions\/869"}],"wp:featuredmedia":[{"embeddable":true,"href":"https:\/\/silencebreaker.de\/index.php?rest_route=\/wp\/v2\/media\/47"}],"wp:attachment":[{"href":"https:\/\/silencebreaker.de\/index.php?rest_route=%2Fwp%2Fv2%2Fmedia&parent=100"}],"curies":[{"name":"wp","href":"https:\/\/api.w.org\/{rel}","templated":true}]}}